{"id":20619,"date":"2024-04-24T17:22:20","date_gmt":"2024-04-24T17:22:20","guid":{"rendered":"https:\/\/embassyloans.com\/condiciones-del-servicio\/"},"modified":"2024-08-12T11:01:36","modified_gmt":"2024-08-12T11:01:36","slug":"condiciones-del-servicio","status":"publish","type":"page","link":"https:\/\/embassyloans.com\/es\/condiciones-del-servicio\/","title":{"rendered":"Condiciones del servicio"},"content":{"rendered":"\t\t<div data-elementor-type=\"wp-page\" data-elementor-id=\"20619\" class=\"elementor elementor-20619 elementor-19480\" data-elementor-post-type=\"page\">\n\t\t\t\t<div class=\"elementor-element elementor-element-5a7ba59b e-flex e-con-boxed e-con e-parent\" data-id=\"5a7ba59b\" data-element_type=\"container\" data-e-type=\"container\">\n\t\t\t\t\t<div class=\"e-con-inner\">\n\t\t\t\t<div class=\"elementor-element elementor-element-34c7f52 elementor-widget elementor-widget-text-editor\" data-id=\"34c7f52\" data-element_type=\"widget\" data-e-type=\"widget\" data-widget_type=\"text-editor.default\">\n\t\t\t\t<div class=\"elementor-widget-container\">\n\t\t\t\t\t\t\t\t\t\n<blockquote class=\"wp-block-quote\">\n<p>Actualmente est\u00e1s viendo una p\u00e1gina del sitio web embassyloans.com o de un sitio web relacionado (el &#8220;Sitio&#8221;) perteneciente a Embassy Loans &amp; Company o a una de sus filiales (&#8220;Embassy Loans&#8221;).\nEste Sitio y cualquiera de los servicios prestados por Embassy Loans en relaci\u00f3n con este Sitio (los &#8220;Servicios&#8221;) se te proporcionan expresamente sujetos a estas Condiciones de Uso, que rigen tu uso del sitio.\nPor favor, lee atentamente estas Condiciones de Uso.\nAl acceder a este Sitio, aceptas quedar vinculado por estas Condiciones de Uso.\nEl Sitio est\u00e1 destinado a personas mayores de 18 a\u00f1os.\nSi eres menor de 18 a\u00f1os, no deber\u00edas visitar este Sitio.     <\/p>\n\n\n\n<p>Los &#8220;Servicios&#8221; bajo estas Condiciones de Uso incluyen servicios financieros para consumidores y empresas ofrecidos a ti directamente por Embassy Loans.<\/p>\n\n\n\n<p><strong>Acerca de Embassy Loans<\/strong><\/p>\n\n\n\n<p>Embassy Loans Inc. es una empresa de financiaci\u00f3n<a href=\"http:\/\/www.leg.state.fl.us\/statutes\/index.cfm?App_mode=Display_Statute&amp;URL=0500-0599%2F0516%2F0516.html\" target=\"_blank\" rel=\"noopener\">al<\/a> consumo autorizada en el&nbsp;<a href=\"http:\/\/www.leg.state.fl.us\/statutes\/index.cfm?App_mode=Display_Statute&amp;URL=0500-0599%2F0516%2F0516.html\" target=\"_blank\" rel=\"noopener\">Estado de Florida en virtud del Estatuto 516: financiaci\u00f3n al consumo.<\/a><\/p>\n\n\n\n<p>Como empresa de financiaci\u00f3n al consumo, estamos especializados en pr\u00e9stamos sobre el valor neto del autom\u00f3vil, lo que significa que, independientemente de tu historial crediticio personal, puedes optar a ellos.\nLa puntuaci\u00f3n crediticia no es una condici\u00f3n para la aprobaci\u00f3n; todos los pr\u00e9stamos se basan en el capital.\nSin embargo, Embassy Loans informa a una oficina nacional de cr\u00e9dito para ayudarte a establecer o restablecer tu historial crediticio.  <\/p>\n\n\n\n<p><strong>Condiciones de los pr\u00e9stamos Embassy<\/strong><\/p>\n\n\n\n<p>Embassy Loans Sigue el&nbsp;<a href=\"http:\/\/www.leg.state.fl.us\/statutes\/index.cfm?App_mode=Display_Statute&amp;URL=0500-0599%2F0516%2F0516.html\" target=\"_blank\" rel=\"noopener\"><strong>C\u00f3digo de Florida &#8211; REGLAMENTO DE COMERCIO, INVERSIONES Y SOLICITUDES FINANZAS AL CONSUMO<\/strong>&nbsp;&#8211; CAP\u00cdTULO 516 FINANZAS AL CONSUMO<\/a><\/p>\n\n\n\n<p>Todos los pr\u00e9stamos oscilan entre 12 y 14 meses, en funci\u00f3n del importe del pr\u00e9stamo.\nLos tipos de inter\u00e9s son del 18% al 30% anual, tambi\u00e9n en funci\u00f3n del importe del pr\u00e9stamo. <\/p>\n\n\n\n<p>Todos los pr\u00e9stamos se basan en el capital de tu garant\u00eda, adem\u00e1s de aportar una prueba de residencia.&nbsp;  No basamos el pr\u00e9stamo en la calificaci\u00f3n crediticia.<\/p>\n\n\n\n<p><strong>Los seguros a todo riesgo y de colisi\u00f3n deben pagarse por adelantado durante la vigencia de tu pr\u00e9stamo.\nSi esto no es posible, ofrecemos un ap\u00e9ndice opcional de cancelaci\u00f3n de deuda por exenci\u00f3n de colisi\u00f3n, que s\u00f3lo est\u00e1 disponible como opci\u00f3n voluntaria.\nSi decides elegir la exenci\u00f3n, se incluir\u00e1 en tu pago mensual.  <\/strong><\/p>\n\n\n\n<p><strong>Exactitud de la informaci\u00f3n &#8211;&nbsp;<\/strong>Deber\u00e1s certificar que la informaci\u00f3n y los documentos facilitados te representan como Prestatario(s) previsto(s) y que son exactos y actuales.\nPor favor, entiende que dar informaci\u00f3n falsa, con la intenci\u00f3n de obtener un pr\u00e9stamo de Embassy Loans, Inc. se considera fraude y es un delito grave. <\/p>\n\n\n\n<p><strong>Autorizaci\u00f3n de la Oficina de Cr\u00e9dito &#8211;&nbsp;<\/strong>Autorizar\u00e1s a Embassy Loans, Inc. a informarse sobre tu cr\u00e9dito y a verificar toda la informaci\u00f3n facilitada en tu solicitud de pr\u00e9stamo y en los documentos proporcionados, as\u00ed como a cualquier tercero que Embassy Loans, Inc. designe con el fin de financiar, adquirir o dar servicio a este pr\u00e9stamo.<\/p>\n\n\n\n<p><strong>Arbitraje &#8211;&nbsp;<\/strong>Cualquier controversia o reclamaci\u00f3n que surja o est\u00e9 relacionada con este pr\u00e9stamo o con el incumplimiento del mismo, se resolver\u00e1 mediante arbitraje de acuerdo con las normas de arbitraje comercial de la Asociaci\u00f3n Americana de Arbitraje, y la sentencia sobre el laudo dictado por el \u00e1rbitro o \u00e1rbitros podr\u00e1 ser presentada ante cualquier tribunal competente.<\/p>\n\n\n\n<p>Cuando rellenes nuestra solicitud de pr\u00e9stamo online, aseg\u00farate de introducir toda la informaci\u00f3n requerida.&nbsp;<strong>Los campos marcados con un asterisco (*) son obligatorios<\/strong>.\nUna vez que env\u00edes tu solicitud, se te enviar\u00e1 una copia por correo electr\u00f3nico y un representante de Embassy Loans se pondr\u00e1 en contacto contigo en breve para comunicarte su decisi\u00f3n&nbsp;. <\/p>\n\n\n\n<p><strong>Derechos de autor\/Marcas registradas\/Restricciones de uso<\/strong><\/p>\n\n\n\n<p>Todas las p\u00e1ginas y pantallas del Sitio son propiedad y est\u00e1n bajo el control de Embassy Loans, salvo que se indique expresamente lo contrario, y est\u00e1n protegidas por las leyes de derechos de autor de EE.UU. y por tratados internacionales.\nLos materiales protegidos por derechos de autor del Sitio incluyen, entre otros, el texto, el dise\u00f1o, el software, las im\u00e1genes, los gr\u00e1ficos, el c\u00f3digo fuente y el contenido del Sitio.\nEst\u00e1s autorizado a ver la informaci\u00f3n disponible en el Sitio \u00fanicamente con fines informativos.\nPuedes descargar materiales protegidos por derechos de autor \u00fanicamente para tus fines personales o comerciales internos.\nReconoces que no adquieres ning\u00fan derecho de propiedad por descargar material protegido por derechos de autor.\nNo puedes copiar, mostrar, distribuir, transferir, enlazar, reproducir, licenciar, enmarcar, alterar, crear trabajos derivados o volver a publicar todo o parte del Sitio para cualquier fin comercial o p\u00fablico sin el consentimiento previo por escrito de Embassy Loans.\nOtras palabras destacadas utilizadas en el Sitio para identificar la fuente de bienes y servicios son marcas comerciales y marcas de servicio propiedad de Embassy Loans o propiedad de terceros.\nNo puedes utilizar, copiar, mostrar, distribuir, modificar o reproducir ninguna de las marcas comerciales que se encuentran en el Sitio, salvo en los casos autorizados en este p\u00e1rrafo.\nNo puedes utilizar ninguna de las marcas registradas de Embassy Loans como enlace al Sitio, salvo en virtud de un acuerdo escrito de licencia de marca registrada.        <\/p>\n\n\n\n<p>El Sitio puede contener enlaces a sitios Web controlados u ofrecidos por terceros (no afiliados a Embassy Loans).\nPor la presente, Embassy Loans declina toda responsabilidad por el contenido, los productos, las pol\u00edticas de privacidad o la seguridad del sitio Web de cualquier otra empresa.\nEn caso de que decidas utilizar los servicios disponibles en un sitio enlazado, aceptas leer y cumplir las pol\u00edticas y condiciones de uso aplicables a dicho sitio.\nAdem\u00e1s, cualquier consejo, opini\u00f3n o recomendaci\u00f3n proporcionados por los proveedores del sitio enlazado son los de los proveedores y no los de Embassy Loans.\nTu participaci\u00f3n en cualquier sitio enlazado, incluyendo el pago y la entrega de bienes o servicios, se basa \u00fanicamente en el acuerdo, si lo hubiera, entre t\u00fa y el proveedor del sitio enlazado.    <\/p>\n\n\n\n<p><strong>Informaci\u00f3n sobre la inscripci\u00f3n<\/strong><\/p>\n\n\n\n<p>Al registrarte en los Servicios, te comprometes a proporcionar informaci\u00f3n precisa, veraz, actual y completa sobre ti y\/o tu empresa, tal y como se solicita en las pantallas de registro.\nPara tu comodidad, se puede crear un perfil para ti y\/o tu empresa basado en la informaci\u00f3n de registro que proporciones.\nEste perfil y cualquier informaci\u00f3n de registro que proporciones estar\u00e1n protegidos como se describe en nuestra Pol\u00edtica de Privacidad.  <\/p>\n\n\n\n<p><strong>Descargo de responsabilidad<\/strong><\/p>\n\n\n\n<p>LOS SERVICIOS SE OFRECEN &#8220;TAL CUAL&#8221;, &#8220;DONDE EST\u00c1N&#8221; Y &#8220;DONDE EST\u00c1N DISPONIBLES&#8221;, SIN GARANT\u00cdAS DE NING\u00daN TIPO -YA SEAN EXPRESAS, IMPL\u00cdCITAS O LEGALES-, INCLUIDAS, ENTRE OTRAS, LAS GARANT\u00cdAS DE T\u00cdTULO O LAS GARANT\u00cdAS IMPL\u00cdCITAS DE COMERCIABILIDAD O IDONEIDAD PARA UN FIN DETERMINADO.\nESTO NO AFECTA A AQUELLAS GARANT\u00cdAS INCAPACES DE EXCLUSI\u00d3N, RESTRICCI\u00d3N O MODIFICACI\u00d3N EN VIRTUD DE LAS LEYES APLICABLES A ESTE ACUERDO. <\/p>\n\n\n\n<p>RECONOCES QUE NI EMBASSY LOANS, NI SUS FILIALES, NI NINGUNO DE SUS RESPECTIVOS EMPLEADOS, AGENTES, TERCEROS PROVEEDORES DE CONTENIDOS O LICENCIANTES GARANTIZAN QUE LOS SERVICIOS O EL SITIO SEAN ININTERRUMPIDOS O EST\u00c9N LIBRES DE ERRORES; NI OFRECEN GARANT\u00cdA ALGUNA EN CUANTO A LOS RESULTADOS QUE PUEDAN OBTENERSE DEL USO DE LOS SERVICIOS O DEL SITIO, NI EN CUANTO A LA PUNTUALIDAD, SECUENCIA, EXACTITUD, FIABILIDAD, INTEGRIDAD O CONTENIDO DE CUALQUIER INFORMACI\u00d3N, SERVICIO O MERCANC\u00cdA PROPORCIONADA A TRAV\u00c9S DE LOS SERVICIOS Y EL SITIO.\nEMBASSY LOANS NO RESPALDA LOS PRODUCTOS O SERVICIOS QUE APAREZCAN EN LOS SITIOS ENLAZADOS O QUE SE ADQUIERAN A TRAV\u00c9S DE LOS MISMOS.\n(ESTO NO AFECTA A NINGUNA GARANT\u00cdA DEL FABRICANTE QUE OFREZCAN LOS PROVEEDORES DE LOS SITIOS ENLAZADOS).  <\/p>\n\n\n\n<p>SALVO LO DISPUESTO ESPEC\u00cdFICAMENTE EN ESTE ACUERDO O CUANDO LA LEY EXIJA UNA NORMA DIFERENTE, ACEPTAS QUE EMBASSY LOANS NO ES RESPONSABLE DE NINGUNA P\u00c9RDIDA, DA\u00d1O A LA PROPIEDAD O LESI\u00d3N CORPORAL, YA SEA CAUSADA POR EL ACCESO O EL USO DE LOS SERVICIOS O DEL SITIO.\nEN LA MEDIDA M\u00c1XIMA PERMITIDA POR LA LEGISLACI\u00d3N APLICABLE, EMBASSY LOANS NO SER\u00c1 RESPONSABLE ANTE TI NI ANTE NING\u00daN TERCERO QUE RECLAME A TRAV\u00c9S DE TI POR NING\u00daN DA\u00d1O DIRECTO, INDIRECTO, ESPECIAL O CONSECUENTE, ECON\u00d3MICO O DE OTRO TIPO, QUE SURJA DE CUALQUIER FORMA DE LA INSTALACI\u00d3N O USO DE LOS SERVICIOS, EL SITIO, CUALQUIER SERVICIO EN L\u00cdNEA O SOFTWARE DE NAVEGACI\u00d3N POR INTERNET, INCLUIDA LA RESPONSABILIDAD ASOCIADA A CUALQUIER VIRUS INFORM\u00c1TICO QUE PUEDA INFECTAR TU SISTEMA INFORM\u00c1TICO. <\/p>\n\n\n\n<p><strong>General<\/strong><\/p>\n\n\n\n<p>Embassy Loans se reserva el derecho a modificar estas Condiciones de Uso en cualquier momento y sin previo aviso, pero la versi\u00f3n m\u00e1s actualizada de las Condiciones de Uso estar\u00e1 siempre a tu disposici\u00f3n haciendo clic en el enlace situado en la parte inferior del Sitio.\nSi las Condiciones de Uso te parecen inaceptables en cualquier momento, puedes dejar de utilizar los Servicios.\nAl seguir utilizando los Servicios despu\u00e9s de la fecha de cualquier cambio en estas Condiciones de uso, incluido el acceso al Sitio, aceptas regirte por las normas contenidas en la versi\u00f3n m\u00e1s reciente de este Acuerdo.  <\/p>\n\n\n\n<p>Embassy Loans se reserva el derecho de modificar o cancelar los Servicios y el Sitio, en todo o en parte, en cualquier momento.\nEstas Condiciones de Uso constituyen un contrato entre t\u00fa y Embassy Loans regido por las leyes de Florida. <\/p>\n\n\n\n<p><strong>Privacidad<\/strong><\/p>\n\n\n\n<p>Entendemos la necesidad de salvaguardar tu informaci\u00f3n y tus registros de usos y divulgaciones no autorizados.\nConsulta nuestra &nbsp;<a href=\"https:\/\/embassyloans.com\/privacy-policy\/\">pol\u00edtica de privacidad<\/a>.<\/p>\n\n\n\n<p><strong>Indemnizaci\u00f3n<\/strong><\/p>\n\n\n\n<p>Aceptas defender, indemnizar y eximir de toda responsabilidad a Embassy Loans, sus filiales y sus respectivos directores, funcionarios, empleados y agentes de y contra todas las reclamaciones y gastos, incluidos los honorarios de abogados, derivados de tu violaci\u00f3n de estas Condiciones de Uso o del uso indebido del Servicio o de este Sitio, incluyendo dicha violaci\u00f3n o uso indebido llevado a cabo por tu empleado o agente, si procede.<\/p>\n<\/blockquote>\n\n\n\n<p><strong>Pol\u00edtica de cancelaci\u00f3n\/reembolso<\/strong><\/p>\n\n\n\n<p>El comprador puede cancelar una venta de servicios futuros notific\u00e1ndoselo al vendedor en un plazo de tres d\u00edas h\u00e1biles a partir de la fecha en que firme el contrato.<\/p>\n\t\t\t\t\t\t\t\t<\/div>\n\t\t\t\t<\/div>\n\t\t\t\t\t<\/div>\n\t\t\t\t<\/div>\n\t\t\t\t<\/div>\n\t\t","protected":false},"excerpt":{"rendered":"<p>Actualmente est\u00e1s viendo una p\u00e1gina del sitio web embassyloans.com o de un sitio web relacionado (el &#8220;Sitio&#8221;) perteneciente a Embassy Loans &amp; [&hellip;]<\/p>\n","protected":false},"author":1,"featured_media":0,"parent":0,"menu_order":0,"comment_status":"closed","ping_status":"closed","template":"elementor_theme","meta":{"footnotes":""},"class_list":["post-20619","page","type-page","status-publish","hentry"],"_links":{"self":[{"href":"https:\/\/embassyloans.com\/es\/wp-json\/wp\/v2\/pages\/20619","targetHints":{"allow":["GET"]}}],"collection":[{"href":"https:\/\/embassyloans.com\/es\/wp-json\/wp\/v2\/pages"}],"about":[{"href":"https:\/\/embassyloans.com\/es\/wp-json\/wp\/v2\/types\/page"}],"author":[{"embeddable":true,"href":"https:\/\/embassyloans.com\/es\/wp-json\/wp\/v2\/users\/1"}],"replies":[{"embeddable":true,"href":"https:\/\/embassyloans.com\/es\/wp-json\/wp\/v2\/comments?post=20619"}],"version-history":[{"count":0,"href":"https:\/\/embassyloans.com\/es\/wp-json\/wp\/v2\/pages\/20619\/revisions"}],"wp:attachment":[{"href":"https:\/\/embassyloans.com\/es\/wp-json\/wp\/v2\/media?parent=20619"}],"curies":[{"name":"wp","href":"https:\/\/api.w.org\/{rel}","templated":true}]}}