{"id":20615,"date":"2024-03-06T14:31:56","date_gmt":"2024-03-06T14:31:56","guid":{"rendered":"https:\/\/embassyloans.com\/politica-de-privacidad\/"},"modified":"2025-09-08T15:19:09","modified_gmt":"2025-09-08T15:19:09","slug":"politica-de-privacidad","status":"publish","type":"page","link":"https:\/\/embassyloans.com\/es\/politica-de-privacidad\/","title":{"rendered":"Pol\u00edtica de privacidad"},"content":{"rendered":"\t\t<div data-elementor-type=\"wp-page\" data-elementor-id=\"20615\" class=\"elementor elementor-20615 elementor-3\" data-elementor-post-type=\"page\">\n\t\t\t\t<div class=\"elementor-element elementor-element-44026aa e-flex e-con-boxed e-con e-parent\" data-id=\"44026aa\" data-element_type=\"container\" data-e-type=\"container\">\n\t\t\t\t\t<div class=\"e-con-inner\">\n\t\t\t\t<div class=\"elementor-element elementor-element-1a403d40 elementor-widget elementor-widget-text-editor\" data-id=\"1a403d40\" data-element_type=\"widget\" data-e-type=\"widget\" data-widget_type=\"text-editor.default\">\n\t\t\t\t<div class=\"elementor-widget-container\">\n\t\t\t\t\t\t\t\t\t\n<p>Embassy Loans respeta tu privacidad. Nuestro objetivo es ganarnos tu confianza para que te sientas seguro utilizando nuestros servicios. Nunca revelaremos intencionadamente a terceros datos identificables individualmente sobre nuestros clientes. Tampoco venderemos nuestra lista de registro a nadie.   <\/p>\n\n<p><strong>\u00bfQu\u00e9 informaci\u00f3n recogemos? \u00bfC\u00f3mo la utilizamos? <\/strong><\/p>\n\n<p>Recogemos informaci\u00f3n tuya cuando rellenas un formulario.<\/p>\n\n<p>Al procesar una transacci\u00f3n en nuestro sitio, seg\u00fan proceda, se te puede pedir que introduzcas tu: nombre, direcci\u00f3n de correo electr\u00f3nico, direcci\u00f3n postal, n\u00famero de tel\u00e9fono, informaci\u00f3n de la tarjeta de cr\u00e9dito, historial crediticio o n\u00famero de la seguridad social. Sin embargo, puedes visitar la mayor parte de nuestro sitio de forma an\u00f3nima. Las direcciones de correo electr\u00f3nico son necesarias para registrarse en algunas funciones de Embassy Loans. No alquilamos las direcciones de correo electr\u00f3nico de los clientes a terceros para comunicaciones por correo electr\u00f3nico no solicitadas.   <\/p>\n\n<p>Toda la informaci\u00f3n que recopilamos de ti puede utilizarse de una de las siguientes maneras:<\/p>\n\n<p>Para mejorar el servicio de atenci\u00f3n al cliente:<br>(tu informaci\u00f3n nos ayuda a responder m\u00e1s eficazmente a tus solicitudes de servicio de atenci\u00f3n al cliente y a tus necesidades de asistencia).<\/p>\n\n<p>Para procesar transacciones:<br>Tu informaci\u00f3n, ya sea p\u00fablica o privada, no se vender\u00e1, intercambiar\u00e1, transferir\u00e1 ni dar\u00e1 a ninguna otra empresa por ning\u00fan motivo, sin tu consentimiento, salvo con el fin expreso de prestar el servicio adquirido solicitado.<\/p>\n\n<p><strong>\u00bfC\u00f3mo protege Embassy Loans la informaci\u00f3n de sus clientes?<\/strong><\/p>\n\n<p>Todos los datos de los clientes que recopilamos est\u00e1n protegidos contra el acceso no autorizado. Aplicamos diversas medidas de seguridad para mantener la seguridad de tus datos personales cuando los introduces, env\u00edas o accedes a ellos. <\/p>\n\n<p>Ofrecemos el uso de un servidor seguro. Toda la informaci\u00f3n sensible\/de cr\u00e9dito suministrada se transmite a trav\u00e9s de la tecnolog\u00eda Secure Socket Layer (SSL) y s\u00f3lo acceden a ella las personas autorizadas con derechos de acceso especiales a nuestros sistemas, y est\u00e1n obligadas a mantener la confidencialidad de la informaci\u00f3n. <\/p>\n\n<p>Despu\u00e9s de una transacci\u00f3n, tu informaci\u00f3n privada (tarjetas de cr\u00e9dito, n\u00fameros de la seguridad social, datos financieros, etc.) se mantendr\u00e1 archivada durante m\u00e1s de 60 d\u00edas para poder dar servicio a tu pr\u00e9stamo.<\/p>\n\n<p><strong>\u00bfQu\u00e9 pasa con las &#8220;galletas&#8221;?<\/strong><\/p>\n\n<p>Embassy Loans respeta el derecho a la privacidad de cada usuario individual. Embassy Loans puede colocar una &#8220;cookie&#8221; en el disco duro del visitante con el fin de facilitar una experiencia f\u00e1cil de usar. Las cookies son peque\u00f1as piezas de informaci\u00f3n que un sitio Web coloca en el disco duro de tu ordenador con fines de seguimiento. Utilizamos cookies para recopilar datos agregados sobre el tr\u00e1fico del sitio y la interacci\u00f3n con el mismo, de modo que podamos ofrecer mejores experiencias y herramientas del sitio en el futuro.   <\/p>\n\n<p>Si lo prefieres, puedes elegir que tu ordenador te avise cada vez que se env\u00ede una cookie, o puedes elegir desactivar todas las cookies a trav\u00e9s de la configuraci\u00f3n de tu navegador. Como la mayor\u00eda de los sitios web, si desactivas las cookies, algunos de nuestros servicios pueden no funcionar correctamente. Sin embargo, puedes seguir realizando la mayor\u00eda de las transacciones por tel\u00e9fono.  <\/p>\n\n<p>AdWords Remarketing es un servicio de Remarketing y Behavioral Targeting prestado por Google. Conecta la actividad de www.embassyloans.com con la red publicitaria Adwords y la Cookie Doubleclick. Embassy Loans puede utilizar Remarketing con Google Analytics para hacer publicidad online. Los proveedores externos, incluido Google, pueden mostrar sus anuncios en sitios de Internet. Embassy Loans y los proveedores de terceros, incluido Google, utilizan conjuntamente cookies de origen (como la cookie de Google Analytics) y cookies de terceros (como la cookie de DoubleClick) para informar, optimizar y mostrar anuncios basados en las visitas anteriores de alguien a nuestro sitio web, as\u00ed como para informar sobre c\u00f3mo nuestras impresiones de anuncios, otros usos de servicios publicitarios y las interacciones con estas impresiones de anuncios y servicios publicitarios est\u00e1n relacionados con las visitas a nuestro sitio.    <\/p>\n\n<p>Puedes excluirte del <a href=\"http:\/\/google.com\/settings\/ads\/onweb\/optout?hl=en\" target=\"_blank\" rel=\"noopener\">seguimiento de cookies aqu\u00ed<\/a>:<\/p>\n\n<p><strong>\u00bfRevelar\u00e1 Embassy Loans la informaci\u00f3n que recopila a terceros?<\/strong><\/p>\n\n<p>Embassy Loans no vende, intercambia ni alquila tu informaci\u00f3n personal a terceros. Esto no incluye a terceros de confianza que nos ayudan a operar nuestro sitio web, a llevar a cabo nuestro negocio o a prestarte servicios, siempre y cuando dichas partes acepten mantener la confidencialidad de esta informaci\u00f3n. Adem\u00e1s, Embassy Loans puede proporcionar estad\u00edsticas agregadas sobre nuestros clientes, ventas, patrones de tr\u00e1fico e informaci\u00f3n relacionada con el sitio a proveedores externos de confianza, pero estas estad\u00edsticas no incluir\u00e1n informaci\u00f3n de identificaci\u00f3n personal. Embassy Loans puede divulgar informaci\u00f3n de la cuenta cuando creamos, de buena fe, que dicha divulgaci\u00f3n es razonablemente necesaria para (i) cumplir con la ley, (ii) hacer cumplir o aplicar los t\u00e9rminos de cualquiera de nuestros acuerdos de usuario o (iii) proteger los derechos, propiedad o seguridad de Embassy Loans, nuestros usuarios u otros.      <\/p>\n\n<p><strong>Archivos de registro<\/strong><\/p>\n\n<p>Embassy Loans mantiene archivos de registro en campos amplios para analizar tendencias, seguir los movimientos de los usuarios y recopilar datos para ubicaciones demogr\u00e1ficas. Esto no est\u00e1 vinculado en modo alguno a la identificaci\u00f3n personal del visitante. <\/p>\n\n<p><strong>Enlaces<\/strong><\/p>\n\n<p>Los enlaces a otros sitios fuera de Embassy Loans no se aplican a esta declaraci\u00f3n de privacidad. No somos responsables de las pol\u00edticas de privacidad de otros sitios web vinculados a Embassy Loans. Por favor, lee la declaraci\u00f3n de privacidad de cada sitio web vinculado a Embassy Loans para obtener informaci\u00f3n y uso de datos para la identificaci\u00f3n personal del visitante. Nuestra declaraci\u00f3n de privacidad se aplica \u00fanicamente a Embassy Loans.   <\/p>\n\n<p><strong>Tu consentimiento<\/strong><\/p>\n\n<p>Al utilizar nuestro sitio web, aceptas que Embassy Loans recopile y utilice esta informaci\u00f3n. Si decidimos cambiar nuestra pol\u00edtica de privacidad, publicaremos dichos cambios en esta p\u00e1gina para que siempre sepas qu\u00e9 informaci\u00f3n recopilamos, c\u00f3mo la utilizamos y en qu\u00e9 circunstancias la revelamos. <\/p>\n\n<p>Los menores de 17 a\u00f1os no deben enviar informaci\u00f3n a Embassy Loans sin el consentimiento de sus padres o tutores. Embassy Loans no controla la edad de sus usuarios. <\/p>\n\n<p><strong>\u00bfSi no estoy de acuerdo con vuestra pol\u00edtica de privacidad?<\/strong><\/p>\n\n<p>Si no est\u00e1s de acuerdo con los t\u00e9rminos de nuestra pol\u00edtica de privacidad, no utilices nuestro sitio web ni nos facilites tus datos personales.<\/p>\n\n<p><strong>Derechos de exclusi\u00f3n<\/strong><\/p>\n\n<p>Puedes optar por no recibir ninguna comunicaci\u00f3n nuestra si decides no enviarnos tus datos. Si nos env\u00edas tu informaci\u00f3n o solicitas servicios, das tu consentimiento para que utilicemos tu informaci\u00f3n personal a nuestra discreci\u00f3n. <\/p>\n\n<p>Si deseas ser eliminado del bolet\u00edn de noticias de Nuestros Pr\u00e9stamos Embassy, env\u00eda un correo electr\u00f3nico con el asunto &#8220;Eliminar&#8221; a:<\/p>\n\n<p><a href=\"mailto:support@embassyloans.com\">Atenci\u00f3n al cliente<\/a><\/p>\n\n<p><strong>En resumen<\/strong><\/p>\n\n<p>Nos comprometemos a proteger tu privacidad. Utilizamos la informaci\u00f3n que recogemos en el sitio para hacer posibles nuestros servicios en Embassy Loans y para mejorar tu experiencia en general. No vendemos, intercambiamos ni alquilamos tu informaci\u00f3n personal a terceros.  <\/p>\n\n<p>Si tienes preguntas, comentarios o dudas sobre nuestra Declaraci\u00f3n de Privacidad, escr\u00edbenos o env\u00edanos un correo electr\u00f3nico:<\/p>\n\n<p>Embassy Loans se encuentra en<\/p>\n\n<p>157 N State Road 7, Plantation, FL 33317<\/p>\n\n<p>Correo electr\u00f3nico: <a href=\"mailto:support@embassyloans.com\">Atenci\u00f3n al cliente<\/a><\/p>\n\n<p>Trabajando continuamente para comprender y satisfacer tus necesidades, esperamos que Embassy Loans se convierta en tu recurso de confianza.<\/p>\n\t\t\t\t\t\t\t\t<\/div>\n\t\t\t\t<\/div>\n\t\t\t\t<div class=\"elementor-element elementor-element-c74fa31 elementor-widget elementor-widget-spacer\" data-id=\"c74fa31\" data-element_type=\"widget\" data-e-type=\"widget\" data-widget_type=\"spacer.default\">\n\t\t\t\t<div class=\"elementor-widget-container\">\n\t\t\t\t\t\t\t<div class=\"elementor-spacer\">\n\t\t\t<div class=\"elementor-spacer-inner\"><\/div>\n\t\t<\/div>\n\t\t\t\t\t\t<\/div>\n\t\t\t\t<\/div>\n\t\t\t\t\t<\/div>\n\t\t\t\t<\/div>\n\t\t\t\t<\/div>\n\t\t","protected":false},"excerpt":{"rendered":"<p>Embassy Loans respeta tu privacidad. Nuestro objetivo es ganarnos tu confianza para que te sientas seguro utilizando nuestros servicios. Nunca revelaremos intencionadamente [&hellip;]<\/p>\n","protected":false},"author":1,"featured_media":0,"parent":0,"menu_order":0,"comment_status":"closed","ping_status":"open","template":"elementor_theme","meta":{"footnotes":""},"class_list":["post-20615","page","type-page","status-publish","hentry"],"_links":{"self":[{"href":"https:\/\/embassyloans.com\/es\/wp-json\/wp\/v2\/pages\/20615","targetHints":{"allow":["GET"]}}],"collection":[{"href":"https:\/\/embassyloans.com\/es\/wp-json\/wp\/v2\/pages"}],"about":[{"href":"https:\/\/embassyloans.com\/es\/wp-json\/wp\/v2\/types\/page"}],"author":[{"embeddable":true,"href":"https:\/\/embassyloans.com\/es\/wp-json\/wp\/v2\/users\/1"}],"replies":[{"embeddable":true,"href":"https:\/\/embassyloans.com\/es\/wp-json\/wp\/v2\/comments?post=20615"}],"version-history":[{"count":4,"href":"https:\/\/embassyloans.com\/es\/wp-json\/wp\/v2\/pages\/20615\/revisions"}],"predecessor-version":[{"id":22575,"href":"https:\/\/embassyloans.com\/es\/wp-json\/wp\/v2\/pages\/20615\/revisions\/22575"}],"wp:attachment":[{"href":"https:\/\/embassyloans.com\/es\/wp-json\/wp\/v2\/media?parent=20615"}],"curies":[{"name":"wp","href":"https:\/\/api.w.org\/{rel}","templated":true}]}}